{"id":761,"date":"2025-10-14T19:42:13","date_gmt":"2025-10-14T19:42:13","guid":{"rendered":"https:\/\/apartahoteldelpaseo.com\/rooms\/"},"modified":"2025-12-07T15:52:13","modified_gmt":"2025-12-07T21:52:13","slug":"rooms","status":"publish","type":"page","link":"https:\/\/apartahoteldelpaseo.com\/en\/rooms\/","title":{"rendered":"Rooms"},"content":{"rendered":"<div class=\"wp-block-uagb-container uagb-block-7c352cae alignfull uagb-is-root-container\"><div class=\"uagb-container-inner-blocks-wrap\">\n<div class=\"wp-block-uagb-advanced-heading uagb-block-22a9840d\"><h1 class=\"uagb-heading-text\">Rooms<\/h1><p class=\"uagb-desc-text\">At Apartahotel del Paseo, we offer comfortable, functional, and well-equipped spaces to suit different types of stays. All our rooms feature modern furnishings, high-speed internet, and access to a shared kitchen.<\/p><\/div>\n<\/div><\/div>\n\n\n\n<div class=\"wp-block-uagb-container uagb-block-096914e0 alignfull uagb-is-root-container\"><div class=\"uagb-container-inner-blocks-wrap\">\n<div class=\"wp-block-uagb-call-to-action uagb-block-16855b17 wp-block-button\"><div class=\"uagb-cta__wrap\"><h2 class=\"uagb-cta__title\">Stay with us<\/h2><p class=\"uagb-cta__desc\">We invite you to <strong>ask about our different room types<\/strong> and tell us what kind of stay you are looking for. <br>Ya sea por trabajo, visita m\u00e9dica, estudio o descanso.<br>Nuestro equipo te ayudar\u00e1 a <strong>elegir y acondicionar la habitaci\u00f3n<\/strong> que mejor se adapte a tus necesidades, para que disfrutes una experiencia c\u00f3moda, pr\u00e1ctica y personalizada.<\/p><\/div><div class=\"uagb-cta__buttons\"><a href=\"https:\/\/apartahoteldelpaseo.com\/en\/contact\/\" class=\"uagb-cta__button-link-wrapper ast-outline-button\" target=\"_self\" rel=\"noopener noreferrer\" style=\"border-width:revert-layer\">Check Availability<\/a><\/div><\/div>\n\n\n\n<div class=\"wp-block-uagb-container uagb-layout-grid uagb-block-3a9722c6\">\n<div class=\"wp-block-uagb-info-box uagb-block-8b274a1e uagb-infobox__content-wrap  uagb-infobox-icon-above-title uagb-infobox-image-valign-top\"><div class=\"uagb-ifb-content\"><div class=\"uagb-ifb-image-content\"><img decoding=\"async\" src=\"https:\/\/apartahoteldelpaseo.com\/wp-content\/uploads\/2025\/10\/IMG_20250519_131218_123-scaled.jpg\" alt=\"img 20250519 131218 123\" width=\"100\" height=\"75\" loading=\"lazy\"\/><\/div><div class=\"uagb-ifb-title-wrap\"><h3 class=\"uagb-ifb-title\">Room with city view and a double bed<\/h3><\/div><p class=\"uagb-ifb-desc\">Room with a double bed, overlooking Paseo Col\u00f3n, air conditioning and high-speed internet.<\/p><div class=\"uagb-ifb-button-wrapper wp-block-button\"><a href=\"https:\/\/apartahoteldelpaseo.com\/en\/contact\/\" target=\"_self\" onclick=\"return true;\" class=\"uagb-infobox-cta-link\" rel=\"noopener noreferrer\"><span class=\"uagb-inline-editing\">AVAILABILITY AND PRICES<\/span><\/a><\/div><\/div><\/div>\n\n\n\n<div class=\"wp-block-uagb-info-box uagb-block-328511d9 uagb-infobox__content-wrap  uagb-infobox-icon-above-title uagb-infobox-image-valign-top\"><div class=\"uagb-ifb-content\"><div class=\"uagb-ifb-image-content\"><img decoding=\"async\" src=\"https:\/\/apartahoteldelpaseo.com\/wp-content\/uploads\/2025\/10\/IMG_20250519_131339_496-scaled.jpg\" alt=\"img 20250519 131339 496\" width=\"100\" height=\"75\" loading=\"lazy\"\/><\/div><div class=\"uagb-ifb-title-wrap\"><h3 class=\"uagb-ifb-title\">Room with city view and 2 double beds or one double bed and one single bed<\/h3><\/div><p class=\"uagb-ifb-desc\">Room with two beds, overlooking Paseo Col\u00f3n, with air conditioning and high-speed internet.<\/p><div class=\"uagb-ifb-button-wrapper wp-block-button\"><a href=\"https:\/\/apartahoteldelpaseo.com\/en\/contact\/\" target=\"_self\" onclick=\"return true;\" class=\"uagb-infobox-cta-link\" rel=\"noopener noreferrer\"><span class=\"uagb-inline-editing\">AVAILABILITY AND PRICES<\/span><\/a><\/div><\/div><\/div>\n\n\n\n<div class=\"wp-block-uagb-info-box uagb-block-b7ae4e19 uagb-infobox__content-wrap  uagb-infobox-icon-above-title uagb-infobox-image-valign-top\"><div class=\"uagb-ifb-content\"><div class=\"uagb-ifb-image-content\"><img decoding=\"async\" src=\"https:\/\/apartahoteldelpaseo.com\/wp-content\/uploads\/2025\/10\/IMG-20250602-WA0015.jpg\" alt=\"img 20250602 wa0015\" width=\"100\" height=\"75\" loading=\"lazy\"\/><\/div><div class=\"uagb-ifb-title-wrap\"><h3 class=\"uagb-ifb-title\">Long stay room with a double bed<\/h3><\/div><p class=\"uagb-ifb-desc\">Spacious room, amenities may vary depending on need and availability.<br>Room designed for rest, for long stays of 3 months or more.<\/p><div class=\"uagb-ifb-button-wrapper wp-block-button\"><a href=\"https:\/\/apartahoteldelpaseo.com\/en\/contact\/\" target=\"_self\" onclick=\"return true;\" class=\"uagb-infobox-cta-link\" rel=\"noopener noreferrer\"><span class=\"uagb-inline-editing\">AVAILABILITY AND PRICES<\/span><\/a><\/div><\/div><\/div>\n\n\n\n<div class=\"wp-block-uagb-info-box uagb-block-da9d69e8 uagb-infobox__content-wrap  uagb-infobox-icon-above-title uagb-infobox-image-valign-top\"><div class=\"uagb-ifb-content\"><div class=\"uagb-ifb-image-content\"><img decoding=\"async\" src=\"https:\/\/apartahoteldelpaseo.com\/wp-content\/uploads\/2025\/10\/Imagen-de-WhatsApp-2025-09-05-a-las-11.02.16_962f7804.jpg\" alt=\"imagen de whatsapp 2025 09 05 a las 11.02.16 962f7804\" width=\"100\" height=\"75\" loading=\"lazy\"\/><\/div><div class=\"uagb-ifb-title-wrap\"><h3 class=\"uagb-ifb-title\">Long stay room with two double beds<\/h3><\/div><p class=\"uagb-ifb-desc\">Spacious room, amenities may vary depending on need and availability.<br>Room designed for rest, for long stays of 3 months or more.<\/p><div class=\"uagb-ifb-button-wrapper wp-block-button\"><a href=\"https:\/\/apartahoteldelpaseo.com\/en\/contact\/\" target=\"_self\" onclick=\"return true;\" class=\"uagb-infobox-cta-link\" rel=\"noopener noreferrer\"><span class=\"uagb-inline-editing\">AVAILABILITY AND PRICES<\/span><\/a><\/div><\/div><\/div>\n\n\n\n<div class=\"wp-block-uagb-info-box uagb-block-7cf1adb4 uagb-infobox__content-wrap  uagb-infobox-icon-above-title uagb-infobox-image-valign-top\"><div class=\"uagb-ifb-content\"><div class=\"uagb-ifb-image-content\"><img decoding=\"async\" src=\"https:\/\/apartahoteldelpaseo.com\/wp-content\/uploads\/2025\/10\/Imagen-de-WhatsApp-2025-10-15-a-las-15.12.54_d7738094.jpg\" alt=\"imagen de whatsapp 2025 10 15 a las 15.12.54 d7738094\" width=\"100\" height=\"75\" loading=\"lazy\"\/><\/div><div class=\"uagb-ifb-title-wrap\"><h3 class=\"uagb-ifb-title\">Large Studio Room<\/h3><\/div><p class=\"uagb-ifb-desc\">Spacious room, amenities may vary depending on need and availability.<br>Room designed for rest, for long stays of 3 months or more.<\/p><div class=\"uagb-ifb-button-wrapper wp-block-button\"><a href=\"https:\/\/apartahoteldelpaseo.com\/en\/contact\/\" target=\"_self\" onclick=\"return true;\" class=\"uagb-infobox-cta-link\" rel=\"noopener noreferrer\"><span class=\"uagb-inline-editing\">AVAILABILITY AND PRICES<\/span><\/a><\/div><\/div><\/div>\n\n\n\n<div class=\"wp-block-uagb-info-box uagb-block-ed33ca9e uagb-infobox__content-wrap  uagb-infobox-icon-above-title uagb-infobox-image-valign-top\"><div class=\"uagb-ifb-content\"><div class=\"uagb-ifb-image-content\"><img decoding=\"async\" src=\"https:\/\/apartahoteldelpaseo.com\/wp-content\/uploads\/2025\/10\/Cama-y-cuadro-agrandada-copia-3-scaled.jpg\" alt=\"cama y cuadro agrandada copia\" width=\"100\" height=\"75\" loading=\"lazy\"\/><\/div><div class=\"uagb-ifb-title-wrap\"><h3 class=\"uagb-ifb-title\">Single Room<\/h3><\/div><p class=\"uagb-ifb-desc\">Spacious room, amenities may vary depending on need and availability.<br>Room designed for rest, for long stays of 3 months or more.<\/p><div class=\"uagb-ifb-button-wrapper wp-block-button\"><a href=\"https:\/\/apartahoteldelpaseo.com\/en\/contact\/\" target=\"_self\" onclick=\"return true;\" class=\"uagb-infobox-cta-link\" rel=\"noopener noreferrer\"><span class=\"uagb-inline-editing\">AVAILABILITY AND PRICES<\/span><\/a><\/div><\/div><\/div>\n<\/div>\n<\/div><\/div>\n\n\n\n<div class=\"wp-block-uagb-info-box uagb-block-84d54bf8 uagb-infobox__content-wrap  uagb-infobox-icon-above-title uagb-infobox-image-valign-top\"><div class=\"uagb-ifb-content\"><div class=\"uagb-ifb-image-content\"><img decoding=\"async\" src=\"https:\/\/apartahoteldelpaseo.com\/wp-content\/uploads\/2025\/12\/20251207_144935-1-1024x768.jpg\" alt=\"Apartamento 2 recamaras\" width=\"\" height=\"0\" loading=\"lazy\"\/><\/div><div class=\"uagb-ifb-title-wrap\"><h3 class=\"uagb-ifb-title\">2 Bedroom apartment<\/h3><\/div><p class=\"uagb-ifb-desc\">Spacious room, amenities may vary depending on need and availability.<br>Room designed for rest, for long stays of 3 months or more.<\/p><div class=\"uagb-ifb-button-wrapper wp-block-button\"><a href=\"https:\/\/apartahoteldelpaseo.com\/en\/contact\/\" target=\"_self\" onclick=\"return true;\" class=\"uagb-infobox-cta-link\" rel=\"noopener noreferrer\"><span class=\"uagb-inline-editing\">RATES AND AVAILABILITY<\/span><\/a><\/div><\/div><\/div>\n\n\n\n<div class=\"wp-block-uagb-separator uagb-block-637b7f08\"><div class=\"uagb-separator-spacing-wrapper\"><div class=\"wp-block-uagb-separator__inner\" style=\"--my-background-image:\"><\/div><\/div><\/div>\n\n\n\n<div class=\"wp-block-uagb-container uagb-block-1f28a61c alignfull uagb-is-root-container\"><div class=\"uagb-container-inner-blocks-wrap\">\n<div class=\"wp-block-uagb-advanced-heading uagb-block-e9b34881\"><h2 class=\"uagb-heading-text\"><strong>Apartahotel del Paseo<\/strong> centrally situated in downtown San Jose, with easy access to everything<\/h2><p class=\"uagb-desc-text\">Comfortable, functional and well-equipped spaces to suit different accommodation needs in San Jose.<\/p><\/div>\n\n\n\n<div class=\"wp-block-uagb-advanced-heading uagb-block-29010135\"><p class=\"uagb-desc-text\">Check for availability and prices.<\/p><\/div>\n\n\n\n<div class=\"wp-block-uagb-icon-list uagb-block-a9bc6f94\"><div class=\"uagb-icon-list__wrap\">\n<div class=\"wp-block-uagb-icon-list-child uagb-block-fc9d43a1\"><a target=\"_blank\" aria-label=\"+506 71840714\u200b\" rel=\"noopener noreferrer\" href=\"https:\/\/wa.me\/50671840714\"> <\/a><span class=\"uagb-icon-list__source-wrap\"><svg xmlns=\"https:\/\/www.w3.org\/2000\/svg\" viewbox=\"0 0 448 512\"><path d=\"M380.9 97.1C339 55.1 283.2 32 223.9 32c-122.4 0-222 99.6-222 222 0 39.1 10.2 77.3 29.6 111L0 480l117.7-30.9c32.4 17.7 68.9 27 106.1 27h.1c122.3 0 224.1-99.6 224.1-222 0-59.3-25.2-115-67.1-157zm-157 341.6c-33.2 0-65.7-8.9-94-25.7l-6.7-4-69.8 18.3L72 359.2l-4.4-7c-18.5-29.4-28.2-63.3-28.2-98.2 0-101.7 82.8-184.5 184.6-184.5 49.3 0 95.6 19.2 130.4 54.1 34.8 34.9 56.2 81.2 56.1 130.5 0 101.8-84.9 184.6-186.6 184.6zm101.2-138.2c-5.5-2.8-32.8-16.2-37.9-18-5.1-1.9-8.8-2.8-12.5 2.8-3.7 5.6-14.3 18-17.6 21.8-3.2 3.7-6.5 4.2-12 1.4-32.6-16.3-54-29.1-75.5-66-5.7-9.8 5.7-9.1 16.3-30.3 1.8-3.7 .9-6.9-.5-9.7-1.4-2.8-12.5-30.1-17.1-41.2-4.5-10.8-9.1-9.3-12.5-9.5-3.2-.2-6.9-.2-10.6-.2-3.7 0-9.7 1.4-14.8 6.9-5.1 5.6-19.4 19-19.4 46.3 0 27.3 19.9 53.7 22.6 57.4 2.8 3.7 39.1 59.7 94.8 83.8 35.2 15.2 49 16.5 66.6 13.9 10.7-1.6 32.8-13.4 37.4-26.4 4.6-13 4.6-24.1 3.2-26.4-1.3-2.5-5-3.9-10.5-6.6z\"><\/path><\/svg><\/span><span class=\"uagb-icon-list__label\">+506 71840714\u200b<\/span><\/div>\n<\/div><\/div>\n<\/div><\/div>","protected":false},"excerpt":{"rendered":"<p>Habitaciones En el Apartahotel del Paseo ofrecemos espacios c\u00f3modos, funcionales y bien equipados para adaptarse a diferentes tipos de estancia. Todas nuestras habitaciones cuentan con mobiliario moderno, internet de alta velocidad y acceso a cocina compartida. Apartahotel del Paseo cerca de todo en en el centro de San Jos\u00e9 Espacios c\u00f3modos, funcionales y bien equipados [&hellip;]<\/p>\n","protected":false},"author":1,"featured_media":0,"parent":0,"menu_order":0,"comment_status":"closed","ping_status":"closed","template":"","meta":{"om_disable_all_campaigns":false,"_uag_custom_page_level_css":"","_monsterinsights_skip_tracking":false,"_monsterinsights_sitenote_active":false,"_monsterinsights_sitenote_note":"","_monsterinsights_sitenote_category":0,"site-sidebar-layout":"no-sidebar","site-content-layout":"plain-container","ast-site-content-layout":"normal-width-container","site-content-style":"unboxed","site-sidebar-style":"unboxed","ast-global-header-display":"","ast-banner-title-visibility":"","ast-main-header-display":"","ast-hfb-above-header-display":"","ast-hfb-below-header-display":"","ast-hfb-mobile-header-display":"","site-post-title":"disabled","ast-breadcrumbs-content":"","ast-featured-img":"disabled","footer-sml-layout":"","theme-transparent-header-meta":"enabled","adv-header-id-meta":"","stick-header-meta":"","header-above-stick-meta":"","header-main-stick-meta":"","header-below-stick-meta":"","astra-migrate-meta-layouts":"set","ast-page-background-enabled":"default","ast-page-background-meta":{"desktop":{"background-color":"var(--ast-global-color-4)","background-image":"","background-repeat":"repeat","background-position":"center center","background-size":"auto","background-attachment":"scroll","background-type":"","background-media":"","overlay-type":"","overlay-color":"","overlay-opacity":"","overlay-gradient":""},"tablet":{"background-color":"","background-image":"","background-repeat":"repeat","background-position":"center center","background-size":"auto","background-attachment":"scroll","background-type":"","background-media":"","overlay-type":"","overlay-color":"","overlay-opacity":"","overlay-gradient":""},"mobile":{"background-color":"","background-image":"","background-repeat":"repeat","background-position":"center center","background-size":"auto","background-attachment":"scroll","background-type":"","background-media":"","overlay-type":"","overlay-color":"","overlay-opacity":"","overlay-gradient":""}},"ast-content-background-meta":{"desktop":{"background-color":"var(--ast-global-color-5)","background-image":"","background-repeat":"repeat","background-position":"center center","background-size":"auto","background-attachment":"scroll","background-type":"","background-media":"","overlay-type":"","overlay-color":"","overlay-opacity":"","overlay-gradient":""},"tablet":{"background-color":"var(--ast-global-color-5)","background-image":"","background-repeat":"repeat","background-position":"center center","background-size":"auto","background-attachment":"scroll","background-type":"","background-media":"","overlay-type":"","overlay-color":"","overlay-opacity":"","overlay-gradient":""},"mobile":{"background-color":"var(--ast-global-color-5)","background-image":"","background-repeat":"repeat","background-position":"center center","background-size":"auto","background-attachment":"scroll","background-type":"","background-media":"","overlay-type":"","overlay-color":"","overlay-opacity":"","overlay-gradient":""}},"footnotes":""},"class_list":["post-761","page","type-page","status-publish","hentry"],"aioseo_notices":[],"_hostinger_reach_plugin_has_subscription_block":false,"_hostinger_reach_plugin_is_elementor":false,"uagb_featured_image_src":{"full":false,"thumbnail":false,"medium":false,"medium_large":false,"large":false,"1536x1536":false,"2048x2048":false,"trp-custom-language-flag":false},"uagb_author_info":{"display_name":"esqdavid@gmail.com","author_link":"https:\/\/apartahoteldelpaseo.com\/en\/author\/esqdavidgmail-com\/"},"uagb_comment_info":0,"uagb_excerpt":"Habitaciones En el Apartahotel del Paseo ofrecemos espacios c\u00f3modos, funcionales y bien equipados para adaptarse a diferentes tipos de estancia. Todas nuestras habitaciones cuentan con mobiliario moderno, internet de alta velocidad y acceso a cocina compartida. Apartahotel del Paseo cerca de todo en en el centro de San Jos\u00e9 Espacios c\u00f3modos, funcionales y bien equipados&hellip;","_links":{"self":[{"href":"https:\/\/apartahoteldelpaseo.com\/en\/wp-json\/wp\/v2\/pages\/761","targetHints":{"allow":["GET"]}}],"collection":[{"href":"https:\/\/apartahoteldelpaseo.com\/en\/wp-json\/wp\/v2\/pages"}],"about":[{"href":"https:\/\/apartahoteldelpaseo.com\/en\/wp-json\/wp\/v2\/types\/page"}],"author":[{"embeddable":true,"href":"https:\/\/apartahoteldelpaseo.com\/en\/wp-json\/wp\/v2\/users\/1"}],"replies":[{"embeddable":true,"href":"https:\/\/apartahoteldelpaseo.com\/en\/wp-json\/wp\/v2\/comments?post=761"}],"version-history":[{"count":3,"href":"https:\/\/apartahoteldelpaseo.com\/en\/wp-json\/wp\/v2\/pages\/761\/revisions"}],"predecessor-version":[{"id":1556,"href":"https:\/\/apartahoteldelpaseo.com\/en\/wp-json\/wp\/v2\/pages\/761\/revisions\/1556"}],"wp:attachment":[{"href":"https:\/\/apartahoteldelpaseo.com\/en\/wp-json\/wp\/v2\/media?parent=761"}],"curies":[{"name":"wp","href":"https:\/\/api.w.org\/{rel}","templated":true}]}}